{"id":87,"date":"2023-10-03T13:07:25","date_gmt":"2023-10-03T11:07:25","guid":{"rendered":"https:\/\/retrolumen.com\/index.php\/home\/"},"modified":"2025-09-28T22:48:35","modified_gmt":"2025-09-28T20:48:35","slug":"retrolumen-berlin-home","status":"publish","type":"page","link":"https:\/\/retrolumen.com\/","title":{"rendered":"RETROLUMEN-BERLIN"},"content":{"rendered":"\t\t<div data-elementor-type=\"wp-page\" data-elementor-id=\"87\" class=\"elementor elementor-87\" data-elementor-post-type=\"page\">\n\t\t\t\t<div class=\"elementor-element elementor-element-66dc958e e-flex e-con-boxed e-con e-parent\" data-id=\"66dc958e\" data-element_type=\"container\" data-settings=\"{&quot;content_width&quot;:&quot;boxed&quot;}\" data-core-v316-plus=\"true\">\n\t\t\t\t\t<div class=\"e-con-inner\">\n\t\t\t\t<div class=\"elementor-element elementor-element-2f9b1260 elementor--h-position-center elementor--v-position-middle elementor-widget elementor-widget-slides\" data-id=\"2f9b1260\" data-element_type=\"widget\" data-settings=\"{&quot;navigation&quot;:&quot;none&quot;,&quot;autoplay_speed&quot;:3995,&quot;transition&quot;:&quot;fade&quot;,&quot;transition_speed&quot;:2000,&quot;autoplay&quot;:&quot;yes&quot;,&quot;pause_on_hover&quot;:&quot;yes&quot;,&quot;pause_on_interaction&quot;:&quot;yes&quot;,&quot;infinite&quot;:&quot;yes&quot;}\" data-widget_type=\"slides.default\">\n\t\t\t\t<div class=\"elementor-widget-container\">\n\t\t\t<style>\/*! elementor-pro - v3.19.0 - 29-01-2024 *\/\n.elementor-slides .swiper-slide-bg{background-size:cover;background-position:50%;background-repeat:no-repeat;min-width:100%;min-height:100%}.elementor-slides .swiper-slide-inner{background-repeat:no-repeat;background-position:50%;position:absolute;top:0;left:0;bottom:0;right:0;padding:50px;margin:auto}.elementor-slides .swiper-slide-inner,.elementor-slides .swiper-slide-inner:hover{color:#fff;display:flex}.elementor-slides .swiper-slide-inner .elementor-background-overlay{position:absolute;z-index:0;top:0;bottom:0;left:0;right:0}.elementor-slides .swiper-slide-inner .elementor-slide-content{position:relative;z-index:1;width:100%}.elementor-slides .swiper-slide-inner .elementor-slide-heading{font-size:35px;font-weight:700;line-height:1}.elementor-slides .swiper-slide-inner .elementor-slide-description{font-size:17px;line-height:1.4}.elementor-slides .swiper-slide-inner .elementor-slide-description:not(:last-child),.elementor-slides .swiper-slide-inner .elementor-slide-heading:not(:last-child){margin-bottom:30px}.elementor-slides .swiper-slide-inner .elementor-slide-button{border:2px solid #fff;color:#fff;background:transparent;display:inline-block}.elementor-slides .swiper-slide-inner .elementor-slide-button,.elementor-slides .swiper-slide-inner .elementor-slide-button:hover{background:transparent;color:inherit;text-decoration:none}.elementor--v-position-top .swiper-slide-inner{align-items:flex-start}.elementor--v-position-bottom .swiper-slide-inner{align-items:flex-end}.elementor--v-position-middle .swiper-slide-inner{align-items:center}.elementor--h-position-left .swiper-slide-inner{justify-content:flex-start}.elementor--h-position-right .swiper-slide-inner{justify-content:flex-end}.elementor--h-position-center .swiper-slide-inner{justify-content:center}body.rtl .elementor-widget-slides .elementor-swiper-button-next{left:10px;right:auto}body.rtl .elementor-widget-slides .elementor-swiper-button-prev{right:10px;left:auto}.elementor-slides-wrapper div:not(.swiper-slide)>.swiper-slide-inner{display:none}@media (max-width:767px){.elementor-slides .swiper-slide-inner{padding:30px}.elementor-slides .swiper-slide-inner .elementor-slide-heading{font-size:23px;line-height:1;margin-bottom:15px}.elementor-slides .swiper-slide-inner .elementor-slide-description{font-size:13px;line-height:1.4;margin-bottom:15px}}<\/style>\t\t<div class=\"elementor-swiper\">\n\t\t\t<div class=\"elementor-slides-wrapper elementor-main-swiper swiper\" dir=\"ltr\" data-animation=\"\">\n\t\t\t\t<div class=\"swiper-wrapper elementor-slides\">\n\t\t\t\t\t\t\t\t\t\t<div class=\"elementor-repeater-item-447c19a swiper-slide\"><div class=\"swiper-slide-bg\" role=\"img\"><\/div><div class=\"swiper-slide-inner\" ><div class=\"swiper-slide-contents\"><\/div><\/div><\/div><div class=\"elementor-repeater-item-de6ed74 swiper-slide\"><div class=\"swiper-slide-bg\" role=\"img\"><\/div><div class=\"swiper-slide-inner\" ><div class=\"swiper-slide-contents\"><\/div><\/div><\/div><div class=\"elementor-repeater-item-838632f swiper-slide\"><div class=\"swiper-slide-bg\" role=\"img\"><\/div><div class=\"swiper-slide-inner\" ><div class=\"swiper-slide-contents\"><\/div><\/div><\/div>\t\t\t\t<\/div>\n\t\t\t\t\t\t\t\t\t\t\t\t\t\t\t\t\t\t\t\t\t<\/div>\n\t\t<\/div>\n\t\t\t\t<\/div>\n\t\t\t\t<\/div>\n\t\t\t\t\t<\/div>\n\t\t\t\t<\/div>\n\t\t<div class=\"elementor-element elementor-element-bd3fb66 e-flex e-con-boxed e-con e-parent\" data-id=\"bd3fb66\" data-element_type=\"container\" data-settings=\"{&quot;content_width&quot;:&quot;boxed&quot;}\" data-core-v316-plus=\"true\">\n\t\t\t\t\t<div class=\"e-con-inner\">\n\t\t\t\t<div class=\"elementor-element elementor-element-c914b24 elementor-widget elementor-widget-heading\" data-id=\"c914b24\" data-element_type=\"widget\" data-widget_type=\"heading.default\">\n\t\t\t\t<div class=\"elementor-widget-container\">\n\t\t\t<style>\/*! elementor - v3.19.0 - 29-01-2024 *\/\n.elementor-heading-title{padding:0;margin:0;line-height:1}.elementor-widget-heading .elementor-heading-title[class*=elementor-size-]>a{color:inherit;font-size:inherit;line-height:inherit}.elementor-widget-heading .elementor-heading-title.elementor-size-small{font-size:15px}.elementor-widget-heading .elementor-heading-title.elementor-size-medium{font-size:19px}.elementor-widget-heading .elementor-heading-title.elementor-size-large{font-size:29px}.elementor-widget-heading .elementor-heading-title.elementor-size-xl{font-size:39px}.elementor-widget-heading .elementor-heading-title.elementor-size-xxl{font-size:59px}<\/style><h1 class=\"elementor-heading-title elementor-size-default\">RETROLUMEN - BERLIN<\/h1>\t\t<\/div>\n\t\t\t\t<\/div>\n\t\t\t\t<div class=\"elementor-element elementor-element-4e36c65 elementor-widget elementor-widget-text-editor\" data-id=\"4e36c65\" data-element_type=\"widget\" data-widget_type=\"text-editor.default\">\n\t\t\t\t<div class=\"elementor-widget-container\">\n\t\t\t<style>\/*! elementor - v3.19.0 - 29-01-2024 *\/\n.elementor-widget-text-editor.elementor-drop-cap-view-stacked .elementor-drop-cap{background-color:#69727d;color:#fff}.elementor-widget-text-editor.elementor-drop-cap-view-framed .elementor-drop-cap{color:#69727d;border:3px solid;background-color:transparent}.elementor-widget-text-editor:not(.elementor-drop-cap-view-default) .elementor-drop-cap{margin-top:8px}.elementor-widget-text-editor:not(.elementor-drop-cap-view-default) .elementor-drop-cap-letter{width:1em;height:1em}.elementor-widget-text-editor .elementor-drop-cap{float:left;text-align:center;line-height:1;font-size:50px}.elementor-widget-text-editor .elementor-drop-cap-letter{display:inline-block}<\/style>\t\t\t\t<p style=\"text-align: center;\">Retrolumen-Berlin bietet Ihnen neben hochwertigen Editionen aus eigener Fertigung auch historische Lampen Originale der Moderne aus den letzten 100 Jahren.<br \/>Alle Lampen aus unserem Sortiment bestechen durch au\u00dfergew\u00f6hnliches Design und zeitlose Eleganz.<br \/>Unsere eigenen Editionen werden von kleinen familienbetriebenen Meisterwerkst\u00e4tten<br \/>in der handwerklichen Tradition und Qualit\u00e4t der Vorkriegs\u00e4ra hergestellt. Unsere historischen Lampen werden von unseren Experten sorgsam nach Kriterien wie Gestaltungsh\u00f6he und Fertigungsqualit\u00e4t ausgesucht. Schwerpunkt unseres Angebotes sind Lichtk\u00f6rper der Wiener Moderne, des Art Deco, Funktionalismus und des Bauhauses<\/p>\t\t\t\t\t\t<\/div>\n\t\t\t\t<\/div>\n\t\t\t\t\t<\/div>\n\t\t\t\t<\/div>\n\t\t<div class=\"elementor-element elementor-element-8dcae30 e-flex e-con-boxed e-con e-parent\" data-id=\"8dcae30\" data-element_type=\"container\" data-settings=\"{&quot;content_width&quot;:&quot;boxed&quot;}\" data-core-v316-plus=\"true\">\n\t\t\t\t\t<div class=\"e-con-inner\">\n\t\t<div class=\"elementor-element elementor-element-0c9bf11 e-con-full e-flex e-con e-child\" data-id=\"0c9bf11\" data-element_type=\"container\" data-settings=\"{&quot;content_width&quot;:&quot;full&quot;}\">\n\t\t\t\t<div class=\"elementor-element elementor-element-1f85e41 elementor-position-top elementor-widget elementor-widget-image-box\" data-id=\"1f85e41\" data-element_type=\"widget\" data-settings=\"{&quot;motion_fx_motion_fx_mouse&quot;:&quot;yes&quot;,&quot;_animation&quot;:&quot;none&quot;}\" data-widget_type=\"image-box.default\">\n\t\t\t\t<div class=\"elementor-widget-container\">\n\t\t\t<style>\/*! elementor - v3.19.0 - 29-01-2024 *\/\n.elementor-widget-image-box .elementor-image-box-content{width:100%}@media (min-width:768px){.elementor-widget-image-box.elementor-position-left .elementor-image-box-wrapper,.elementor-widget-image-box.elementor-position-right .elementor-image-box-wrapper{display:flex}.elementor-widget-image-box.elementor-position-right .elementor-image-box-wrapper{text-align:right;flex-direction:row-reverse}.elementor-widget-image-box.elementor-position-left .elementor-image-box-wrapper{text-align:left;flex-direction:row}.elementor-widget-image-box.elementor-position-top .elementor-image-box-img{margin:auto}.elementor-widget-image-box.elementor-vertical-align-top .elementor-image-box-wrapper{align-items:flex-start}.elementor-widget-image-box.elementor-vertical-align-middle .elementor-image-box-wrapper{align-items:center}.elementor-widget-image-box.elementor-vertical-align-bottom .elementor-image-box-wrapper{align-items:flex-end}}@media (max-width:767px){.elementor-widget-image-box .elementor-image-box-img{margin-left:auto!important;margin-right:auto!important;margin-bottom:15px}}.elementor-widget-image-box .elementor-image-box-img{display:inline-block}.elementor-widget-image-box .elementor-image-box-title a{color:inherit}.elementor-widget-image-box .elementor-image-box-wrapper{text-align:center}.elementor-widget-image-box .elementor-image-box-description{margin:0}<\/style><div class=\"elementor-image-box-wrapper\"><figure class=\"elementor-image-box-img\"><img fetchpriority=\"high\" decoding=\"async\" width=\"300\" height=\"300\" src=\"https:\/\/retrolumen.com\/wp-content\/uploads\/2023\/11\/zeitlos-berlin_pendant-light-in-bauhaus-design.ac563f0afb.jpg\" class=\"attachment-full size-full wp-image-412\" alt=\"\" srcset=\"https:\/\/retrolumen.com\/wp-content\/uploads\/2023\/11\/zeitlos-berlin_pendant-light-in-bauhaus-design.ac563f0afb.jpg 300w, https:\/\/retrolumen.com\/wp-content\/uploads\/2023\/11\/zeitlos-berlin_pendant-light-in-bauhaus-design.ac563f0afb-150x150.jpg 150w\" sizes=\"(max-width: 300px) 100vw, 300px\" \/><\/figure><div class=\"elementor-image-box-content\"><h3 class=\"elementor-image-box-title\">DECKENLEUCHTEN<\/h3><\/div><\/div>\t\t<\/div>\n\t\t\t\t<\/div>\n\t\t\t\t<\/div>\n\t\t<div class=\"elementor-element elementor-element-00078ce e-con-full e-flex e-con e-child\" data-id=\"00078ce\" data-element_type=\"container\" data-settings=\"{&quot;content_width&quot;:&quot;full&quot;}\">\n\t\t\t\t<div class=\"elementor-element elementor-element-5815b26 elementor-position-top elementor-widget elementor-widget-image-box\" data-id=\"5815b26\" data-element_type=\"widget\" data-settings=\"{&quot;motion_fx_motion_fx_mouse&quot;:&quot;yes&quot;,&quot;_animation&quot;:&quot;none&quot;}\" data-widget_type=\"image-box.default\">\n\t\t\t\t<div class=\"elementor-widget-container\">\n\t\t\t<div class=\"elementor-image-box-wrapper\"><figure class=\"elementor-image-box-img\"><img decoding=\"async\" width=\"300\" height=\"300\" src=\"https:\/\/retrolumen.com\/wp-content\/uploads\/2023\/11\/zeitlos-berlin_stilnovo-table-and-wall-lamp.d3a65b563d.jpg\" class=\"attachment-full size-full wp-image-415\" alt=\"\" srcset=\"https:\/\/retrolumen.com\/wp-content\/uploads\/2023\/11\/zeitlos-berlin_stilnovo-table-and-wall-lamp.d3a65b563d.jpg 300w, https:\/\/retrolumen.com\/wp-content\/uploads\/2023\/11\/zeitlos-berlin_stilnovo-table-and-wall-lamp.d3a65b563d-150x150.jpg 150w\" sizes=\"(max-width: 300px) 100vw, 300px\" \/><\/figure><div class=\"elementor-image-box-content\"><h3 class=\"elementor-image-box-title\">TISCHLEUCHTEN<\/h3><\/div><\/div>\t\t<\/div>\n\t\t\t\t<\/div>\n\t\t\t\t<\/div>\n\t\t<div class=\"elementor-element elementor-element-690732d e-con-full e-flex e-con e-child\" data-id=\"690732d\" data-element_type=\"container\" data-settings=\"{&quot;content_width&quot;:&quot;full&quot;}\">\n\t\t\t\t<div class=\"elementor-element elementor-element-90f7541 elementor-position-top elementor-widget elementor-widget-image-box\" data-id=\"90f7541\" data-element_type=\"widget\" data-settings=\"{&quot;motion_fx_motion_fx_mouse&quot;:&quot;yes&quot;,&quot;_animation&quot;:&quot;none&quot;}\" data-widget_type=\"image-box.default\">\n\t\t\t\t<div class=\"elementor-widget-container\">\n\t\t\t<div class=\"elementor-image-box-wrapper\"><figure class=\"elementor-image-box-img\"><img decoding=\"async\" width=\"300\" height=\"300\" src=\"https:\/\/retrolumen.com\/wp-content\/uploads\/2023\/11\/zeitlos-berlin_german-art-deco-wall-lamp-in-streamline-design-of-the-1930s.26bf517feb.jpg\" class=\"attachment-full size-full wp-image-413\" alt=\"\" srcset=\"https:\/\/retrolumen.com\/wp-content\/uploads\/2023\/11\/zeitlos-berlin_german-art-deco-wall-lamp-in-streamline-design-of-the-1930s.26bf517feb.jpg 300w, https:\/\/retrolumen.com\/wp-content\/uploads\/2023\/11\/zeitlos-berlin_german-art-deco-wall-lamp-in-streamline-design-of-the-1930s.26bf517feb-150x150.jpg 150w\" sizes=\"(max-width: 300px) 100vw, 300px\" \/><\/figure><div class=\"elementor-image-box-content\"><h3 class=\"elementor-image-box-title\">WANDLEUCHTEN<\/h3><\/div><\/div>\t\t<\/div>\n\t\t\t\t<\/div>\n\t\t\t\t<\/div>\n\t\t<div class=\"elementor-element elementor-element-33c90aa e-con-full e-flex e-con e-child\" data-id=\"33c90aa\" data-element_type=\"container\" data-settings=\"{&quot;content_width&quot;:&quot;full&quot;}\">\n\t\t\t\t<div class=\"elementor-element elementor-element-79b97cb elementor-position-top elementor-widget elementor-widget-image-box\" data-id=\"79b97cb\" data-element_type=\"widget\" data-settings=\"{&quot;motion_fx_motion_fx_mouse&quot;:&quot;yes&quot;,&quot;_animation&quot;:&quot;none&quot;}\" data-widget_type=\"image-box.default\">\n\t\t\t\t<div class=\"elementor-widget-container\">\n\t\t\t<div class=\"elementor-image-box-wrapper\"><figure class=\"elementor-image-box-img\"><img loading=\"lazy\" decoding=\"async\" width=\"300\" height=\"300\" src=\"https:\/\/retrolumen.com\/wp-content\/uploads\/2023\/11\/zeitlos-berlin_1930s-modernist-floor-lamp-handmade-manufactured-in-highest-quality-height-.b0f5850b0a.jpg\" class=\"attachment-full size-full wp-image-414\" alt=\"\" srcset=\"https:\/\/retrolumen.com\/wp-content\/uploads\/2023\/11\/zeitlos-berlin_1930s-modernist-floor-lamp-handmade-manufactured-in-highest-quality-height-.b0f5850b0a.jpg 300w, https:\/\/retrolumen.com\/wp-content\/uploads\/2023\/11\/zeitlos-berlin_1930s-modernist-floor-lamp-handmade-manufactured-in-highest-quality-height-.b0f5850b0a-150x150.jpg 150w\" sizes=\"(max-width: 300px) 100vw, 300px\" \/><\/figure><div class=\"elementor-image-box-content\"><h3 class=\"elementor-image-box-title\">STEHLEUCHTEN<\/h3><\/div><\/div>\t\t<\/div>\n\t\t\t\t<\/div>\n\t\t\t\t<\/div>\n\t\t\t\t\t<\/div>\n\t\t\t\t<\/div>\n\t\t<div class=\"elementor-element elementor-element-d7c2554 e-flex e-con-boxed e-con e-parent\" data-id=\"d7c2554\" data-element_type=\"container\" data-settings=\"{&quot;content_width&quot;:&quot;boxed&quot;}\" data-core-v316-plus=\"true\">\n\t\t\t\t\t<div class=\"e-con-inner\">\n\t\t\t\t<div class=\"elementor-element elementor-element-8d815c8 elementor-widget elementor-widget-heading\" data-id=\"8d815c8\" data-element_type=\"widget\" data-widget_type=\"heading.default\">\n\t\t\t\t<div class=\"elementor-widget-container\">\n\t\t\t<h1 class=\"elementor-heading-title elementor-size-default\">LICHT + R\u00c4UME\n<\/h1>\t\t<\/div>\n\t\t\t\t<\/div>\n\t\t\t\t\t<\/div>\n\t\t\t\t<\/div>\n\t\t<div class=\"elementor-element elementor-element-69ea091 e-flex e-con-boxed e-con e-parent\" data-id=\"69ea091\" data-element_type=\"container\" data-settings=\"{&quot;content_width&quot;:&quot;boxed&quot;}\" data-core-v316-plus=\"true\">\n\t\t\t\t\t<div class=\"e-con-inner\">\n\t\t<div class=\"elementor-element elementor-element-f83665b e-con-full e-flex e-con e-child\" data-id=\"f83665b\" data-element_type=\"container\" data-settings=\"{&quot;content_width&quot;:&quot;full&quot;}\">\n\t\t\t\t<div class=\"elementor-element elementor-element-0d6ee0f elementor-position-left elementor-vertical-align-top elementor-widget elementor-widget-image-box\" data-id=\"0d6ee0f\" data-element_type=\"widget\" data-widget_type=\"image-box.default\">\n\t\t\t\t<div class=\"elementor-widget-container\">\n\t\t\t<div class=\"elementor-image-box-wrapper\"><figure class=\"elementor-image-box-img\"><img loading=\"lazy\" decoding=\"async\" width=\"300\" height=\"300\" src=\"https:\/\/retrolumen.com\/wp-content\/uploads\/2023\/11\/zeitlos-berlin_ceiling-lamp-by-eckart-muthesius.c44ee3537c.jpg\" class=\"attachment-full size-full wp-image-407\" alt=\"\" srcset=\"https:\/\/retrolumen.com\/wp-content\/uploads\/2023\/11\/zeitlos-berlin_ceiling-lamp-by-eckart-muthesius.c44ee3537c.jpg 300w, https:\/\/retrolumen.com\/wp-content\/uploads\/2023\/11\/zeitlos-berlin_ceiling-lamp-by-eckart-muthesius.c44ee3537c-150x150.jpg 150w\" sizes=\"(max-width: 300px) 100vw, 300px\" \/><\/figure><div class=\"elementor-image-box-content\"><p class=\"elementor-image-box-description\">Eckart Muthesius  war der Sohn des\nBerliner Architekten Hermann Muthesius und der Konzerts\u00e4ngerin Anna\nMuthesius. Er studierte zun\u00e4chst an\nden Vereinigten Staats- schulen f\u00fcr\nfreie und angewandte Kunst in Berlin\nCharlottenburg sowie am Regent\nPolytechnicum in London.<\/p><\/div><\/div>\t\t<\/div>\n\t\t\t\t<\/div>\n\t\t\t\t<\/div>\n\t\t<div class=\"elementor-element elementor-element-0f0ed3b e-con-full e-flex e-con e-child\" data-id=\"0f0ed3b\" data-element_type=\"container\" data-settings=\"{&quot;content_width&quot;:&quot;full&quot;}\">\n\t\t\t\t<div class=\"elementor-element elementor-element-8f711ea elementor-position-left elementor-vertical-align-top elementor-widget elementor-widget-image-box\" data-id=\"8f711ea\" data-element_type=\"widget\" data-widget_type=\"image-box.default\">\n\t\t\t\t<div class=\"elementor-widget-container\">\n\t\t\t<div class=\"elementor-image-box-wrapper\"><figure class=\"elementor-image-box-img\"><img loading=\"lazy\" decoding=\"async\" width=\"300\" height=\"300\" src=\"https:\/\/retrolumen.com\/wp-content\/uploads\/2023\/11\/ARA.jpg\" class=\"attachment-full size-full wp-image-408\" alt=\"\" srcset=\"https:\/\/retrolumen.com\/wp-content\/uploads\/2023\/11\/ARA.jpg 300w, https:\/\/retrolumen.com\/wp-content\/uploads\/2023\/11\/ARA-150x150.jpg 150w\" sizes=\"(max-width: 300px) 100vw, 300px\" \/><\/figure><div class=\"elementor-image-box-content\"><p class=\"elementor-image-box-description\">Funktionalistischer Palast in Prag\nGelegen am Ende der Prager Nationalstrasse, in unmittelbarer N\u00e4he des\nrondokubistischen Geb\u00e4udes ADRIA\nvon Josef Zasch und Pavel Janak, liegt\nein Juwel funktionalistischer Architektur,\nder Palast ARA. Das Geb\u00e4ude wurde zu\nBeginn der dreissiger Jahre von dem Architekturb\u00fcro Milan Babuska entworfen\nund urspr\u00fcnglich als Kaufhaus konzipiert<\/p><\/div><\/div>\t\t<\/div>\n\t\t\t\t<\/div>\n\t\t\t\t<\/div>\n\t\t\t\t\t<\/div>\n\t\t\t\t<\/div>\n\t\t\t\t<\/div>\n\t\t","protected":false},"excerpt":{"rendered":"<p>RETROLUMEN &#8211; BERLIN Retrolumen-Berlin bietet Ihnen neben hochwertigen Editionen aus eigener Fertigung auch historische Lampen Originale der Moderne aus den letzten 100 Jahren.Alle Lampen aus unserem Sortiment bestechen durch au\u00dfergew\u00f6hnliches Design und zeitlose Eleganz.Unsere eigenen Editionen werden von kleinen familienbetriebenen Meisterwerkst\u00e4ttenin der handwerklichen Tradition und Qualit\u00e4t der Vorkriegs\u00e4ra hergestellt. Unsere historischen Lampen werden von unseren [&hellip;]<\/p>\n","protected":false},"author":1,"featured_media":0,"parent":0,"menu_order":0,"comment_status":"closed","ping_status":"closed","template":"elementor_header_footer","meta":{"footnotes":""},"class_list":["post-87","page","type-page","status-publish","hentry"],"_links":{"self":[{"href":"https:\/\/retrolumen.com\/index.php\/wp-json\/wp\/v2\/pages\/87","targetHints":{"allow":["GET"]}}],"collection":[{"href":"https:\/\/retrolumen.com\/index.php\/wp-json\/wp\/v2\/pages"}],"about":[{"href":"https:\/\/retrolumen.com\/index.php\/wp-json\/wp\/v2\/types\/page"}],"author":[{"embeddable":true,"href":"https:\/\/retrolumen.com\/index.php\/wp-json\/wp\/v2\/users\/1"}],"replies":[{"embeddable":true,"href":"https:\/\/retrolumen.com\/index.php\/wp-json\/wp\/v2\/comments?post=87"}],"version-history":[{"count":251,"href":"https:\/\/retrolumen.com\/index.php\/wp-json\/wp\/v2\/pages\/87\/revisions"}],"predecessor-version":[{"id":445,"href":"https:\/\/retrolumen.com\/index.php\/wp-json\/wp\/v2\/pages\/87\/revisions\/445"}],"wp:attachment":[{"href":"https:\/\/retrolumen.com\/index.php\/wp-json\/wp\/v2\/media?parent=87"}],"curies":[{"name":"wp","href":"https:\/\/api.w.org\/{rel}","templated":true}]}}